{"id":3145,"date":"2024-09-25T05:13:57","date_gmt":"2024-09-25T05:13:57","guid":{"rendered":"https:\/\/dongcobiogas.com\/home\/"},"modified":"2024-10-19T07:08:55","modified_gmt":"2024-10-19T07:08:55","slug":"home","status":"publish","type":"page","link":"https:\/\/dongcobiogas.com\/en\/","title":{"rendered":"Home"},"content":{"rendered":"\r\n<h1 class=\"wp-block-heading has-text-align-center\"><strong><span style=\"font-family: tahoma,geneva,sans-serif;\"><span style=\"font-size: 28px;\"><span style=\"color: #ff0000;\">\u0110\u1ed9ng c\u01a1 s\u1eed d\u1ee5ng nhi\u00ean li\u1ec7u kh\u00ed linh ho\u1ea1t <\/span>trong <span style=\"color: #008080;\">h\u1ec7 th\u1ed1ng n\u0103ng l\u01b0\u1ee3ng t\u00e1i t\u1ea1o hybrid biomass-solar<\/span><\/span><\/span><\/strong><\/h1>\r\n\r\n\r\n\r\n<p class=\"has-text-align-center\"><span style=\"font-family: arial,helvetica,sans-serif;\"><span style=\"font-size: 14px;\"><span style=\"color: #000080;\"><strong><em>GATEC<\/em><\/strong><\/span><\/span><\/span> <strong><em>\u0110\u1ea1i h\u1ecdc \u0110\u00e0 N\u1eb5ng<\/em><\/strong><\/p>\r\n\r\n\r\n\r\n<p>H\u1ec7 th\u1ed1ng n\u0103ng l\u01b0\u1ee3ng t\u00e1i t\u1ea1o hybrid (HRES) kh\u1eafc ph\u1ee5c \u0111\u01b0\u1ee3c nh\u1eefng nh\u01b0\u1ee3c \u0111i\u1ec3m c\u1ee7a h\u1ec7 th\u1ed1ng ch\u1ec9 s\u1eed d\u1ee5ng m\u1ed9t ngu\u1ed3n n\u0103ng l\u01b0\u1ee3ng t\u00e1i t\u1ea1o duy nh\u1ea5t. C\u00f4ng su\u1ea5t c\u1ee7a HRES \u00edt b\u1ecb dao \u0111\u1ed9ng theo \u0111i\u1ec1u ki\u1ec7n th\u1eddi ti\u1ebft, kh\u00ed h\u1eadu, m\u00f9a v\u1ee5\u2026 Vi\u1ec7t Nam c\u00f3 ti\u1ec1m n\u0103ng l\u1edbn v\u1ec1 n\u0103ng l\u01b0\u1ee3ng m\u1eb7t tr\u1eddi, n\u0103ng l\u01b0\u1ee3ng gi\u00f3, n\u0103ng l\u01b0\u1ee3ng sinh kh\u1ed1i. Vi\u1ec7c k\u1ebft h\u1ee3p s\u1eed d\u1ee5ng c\u00e1c d\u1ea1ng n\u0103ng l\u01b0\u1ee3ng t\u00e1i t\u1ea1o n\u00e0y trong HRES l\u00e0 gi\u1ea3i ph\u00e1p h\u1eefu hi\u1ec7u \u0111\u1ec3 ph\u00e1t tri\u1ec3n \u1ee9ng d\u1ee5ng n\u0103ng l\u01b0\u1ee3ng t\u00e1i t\u1ea1o trong chi\u1ebfn l\u01b0\u1ee3c chuy\u1ec3n \u0111\u1ed5i n\u0103ng l\u01b0\u1ee3ng. Trong HRES, \u0111\u1ed9ng c\u01a1 \u0111\u1ed1t trong s\u1eed d\u1ee5ng nhi\u00ean li\u1ec7u kh\u00ed \u0111\u01b0\u1ee3c xem l\u00e0 ngu\u1ed3n \u1ed5n \u0111\u1ecbnh v\u00e0 duy tr\u00ec c\u00f4ng su\u1ea5t c\u1ee7a h\u1ec7 th\u1ed1ng. Biomass \u0111\u01b0\u1ee3c chuy\u1ec3n h\u00f3a th\u00e0nh biogas (h\u1ea7m biogas) hay syngas (l\u00f2 kh\u00ed h\u00f3a). Khi c\u00f4ng su\u1ea5t c\u1ee7a h\u1ec7 th\u1ed1ng n\u0103ng l\u01b0\u1ee3ng m\u1eb7t tr\u1eddi, n\u0103ng l\u01b0\u1ee3ng gi\u00f3 l\u1edbn h\u01a1n c\u00f4ng su\u1ea5t ph\u1ee5 t\u1ea3i th\u00ec ph\u1ea7n c\u00f4ng su\u1ea5t d\u01b0 \u0111\u01b0\u1ee3c d\u00f9ng \u0111\u1ec3 s\u1ea3n xu\u1ea5t hydrogen. Khi c\u00f4ng su\u1ea5t \u0111i\u1ec7n m\u1eb7t tr\u1eddi, \u0111i\u1ec7n gi\u00f3 b\u1ecb gi\u00e1n \u0111o\u1ea1n hay th\u1ea5p h\u01a1n c\u00f4ng su\u1ea5t ph\u1ee5 t\u1ea3i th\u00ec \u0111\u1ed9ng c\u01a1 s\u1eed d\u1ee5ng biogas-syngas-hydrogen ph\u00e1t \u0111i\u1ec7n \u0111\u1ec3 b\u00f9 c\u00f4ng su\u1ea5t. Do th\u00e0nh ph\u1ea7n nhi\u00ean li\u1ec7u biogas-syngas-hydrogen thay \u0111\u1ed5i trong ph\u1ea1m vi r\u1ed9ng n\u00ean \u0111\u1ed9ng c\u01a1 c\u1ea7n \u0111\u01b0\u1ee3c \u0111i\u1ec1u ch\u1ec9nh linh ho\u1ea1t \u0111\u1ec3 c\u1ea3i thi\u1ec7n t\u00ednh n\u0103ng c\u00f4ng t\u00e1c. \u0110i\u1ec1u n\u00e0y c\u00f3 \u00fd ngh\u0129a quan trong khi \u0111\u1ed9ng c\u01a1 s\u1eed d\u1ee5ng h\u1ed7n h\u1ee3p nhi\u00ean li\u1ec7u c\u00f3 ch\u1ee9a syngas, nhi\u00ean li\u1ec7u c\u00f3 t\u1ec9 l\u1ec7 kh\u00f4ng kh\u00ed\/nhi\u00ean li\u1ec7u th\u1ea5p h\u01a1n r\u1ea5t nhi\u1ec1u so v\u1edbi c\u00e1c lo\u1ea1i nhi\u00ean li\u1ec7u truy\u1ec1n th\u1ed1ng. Nh\u00f3m nghi\u00ean c\u1ee9u GATEC c\u1ee7a \u0110\u1ea1i h\u1ecdc \u0110\u00e0 N\u1eb5ng \u0111\u00e3 v\u00e0 \u0111ang nghi\u00ean c\u1ee9u h\u1ec7 th\u1ed1ng HRES biomass-solar t\u1eeb kh\u00e2u chuy\u1ec3n h\u00f3a ch\u1ea5t th\u1ea3i r\u1eafn th\u00e0nh RDF \u0111\u1ebfn c\u1ea3i t\u1ea1o \u0111\u1ed9ng c\u01a1 truy\u1ec1n th\u1ed1ng th\u00e0nh \u0111\u1ed9ng c\u01a1 s\u1eed d\u1ee5ng nhi\u00ean li\u1ec7u kh\u00ed linh ho\u1ea1t.<\/p>\r\n\r\n\r\n<div class=\"wp-block-image\">\r\n<figure class=\"aligncenter size-large\"><img loading=\"lazy\" decoding=\"async\" width=\"576\" height=\"1024\" class=\"wp-image-1665\" src=\"https:\/\/dongcobiogas.com\/wp-content\/uploads\/2024\/09\/image-6-576x1024.png\" alt=\"\" srcset=\"https:\/\/dongcobiogas.com\/wp-content\/uploads\/2024\/09\/image-6-576x1024.png 576w, https:\/\/dongcobiogas.com\/wp-content\/uploads\/2024\/09\/image-6-169x300.png 169w, https:\/\/dongcobiogas.com\/wp-content\/uploads\/2024\/09\/image-6.png 720w\" sizes=\"auto, (max-width: 576px) 100vw, 576px\" \/><\/figure>\r\n<\/div>\r\n\r\n\r\n<p><strong>GATEC<\/strong>\u00a0cung c\u1ea5p ph\u1ee5 ki\u1ec7n \u0111\u1ed9ng c\u01a1 nhi\u00ean li\u1ec7u kh\u00ed (Biogas, LPG, CNG, Hydrogen, kh\u00ed r\u00e1c&#8230;) <img loading=\"lazy\" decoding=\"async\" src=\"https:\/\/dongcobiogas.com\/wp-content\/uploads\/2024\/10\/gt_syns.jpg\" alt=\"\" width=\"177\" height=\"223\" \/> <strong>&#8211; 0914 240 345 (Tr\u00e2m) &#8211; 0932 533 059 (V\u0169)<\/strong> <strong>&#8211; \u0110\u1ed9ng c\u01a1 Biogas-Diesel:\u00a0<a href=\"https:\/\/youtu.be\/tfX3FBlLTy0\">Xem t\u1ea1i \u0111\u00e2y<\/a> ho\u1eb7c:\u00a0<a href=\"https:\/\/youtu.be\/PEQypx8pBLA\">Xem t\u1ea1i \u0111\u00e2y<\/a> &#8211; \u0110\u1ed9ng c\u01a1 100% Biogas:\u00a0<a href=\"https:\/\/youtu.be\/6HtilgcPEKA\">Xem t\u1ea1i \u0111\u00e2y<\/a><\/strong> <strong>&#8211; L\u1eafp \u0111\u1eb7t \u0111\u1ed9ng c\u01a1 Biogas:\u00a0<a href=\"https:\/\/drive.google.com\/file\/d\/0B-AZ7hoIBJrxQUxHQ2xOdmVpd2s\/view?usp=sharing\">Xem t\u1ea1i \u0111\u00e2y<\/a><\/strong><\/p>\r\n","protected":false},"excerpt":{"rendered":"<p>\u0110\u1ed9ng c\u01a1 s\u1eed d\u1ee5ng nhi\u00ean li\u1ec7u kh\u00ed linh ho\u1ea1t trong h\u1ec7 th\u1ed1ng n\u0103ng l\u01b0\u1ee3ng t\u00e1i t\u1ea1o hybrid biomass-solar GATEC \u0110\u1ea1i h\u1ecdc \u0110\u00e0 N\u1eb5ng H\u1ec7 th\u1ed1ng n\u0103ng l\u01b0\u1ee3ng t\u00e1i t\u1ea1o hybrid (HRES) kh\u1eafc ph\u1ee5c \u0111\u01b0\u1ee3c nh\u1eefng nh\u01b0\u1ee3c \u0111i\u1ec3m c\u1ee7a h\u1ec7 th\u1ed1ng ch\u1ec9 s\u1eed d\u1ee5ng m\u1ed9t ngu\u1ed3n n\u0103ng l\u01b0\u1ee3ng t\u00e1i t\u1ea1o duy nh\u1ea5t. C\u00f4ng su\u1ea5t c\u1ee7a HRES [&hellip;]<\/p>\n","protected":false},"author":1,"featured_media":0,"parent":0,"menu_order":0,"comment_status":"closed","ping_status":"open","template":"template-home.php","meta":{"_acf_changed":false,"footnotes":""},"class_list":["post-3145","page","type-page","status-publish","hentry"],"acf":[],"yoast_head":"<!-- This site is optimized with the Yoast SEO plugin v26.9 - https:\/\/yoast.com\/product\/yoast-seo-wordpress\/ -->\n<title>BIOGAS ENGINE<\/title>\n<meta name=\"robots\" content=\"index, follow, max-snippet:-1, max-image-preview:large, max-video-preview:-1\" \/>\n<link rel=\"canonical\" href=\"https:\/\/dongcobiogas.com\/\" \/>\n<meta property=\"og:locale\" content=\"en_US\" \/>\n<meta property=\"og:type\" content=\"article\" \/>\n<meta property=\"og:title\" content=\"BIOGAS ENGINE\" \/>\n<meta property=\"og:description\" content=\"\u0110\u1ed9ng c\u01a1 s\u1eed d\u1ee5ng nhi\u00ean li\u1ec7u kh\u00ed linh ho\u1ea1t trong h\u1ec7 th\u1ed1ng n\u0103ng l\u01b0\u1ee3ng t\u00e1i t\u1ea1o hybrid biomass-solar GATEC \u0110\u1ea1i h\u1ecdc \u0110\u00e0 N\u1eb5ng H\u1ec7 th\u1ed1ng n\u0103ng l\u01b0\u1ee3ng t\u00e1i t\u1ea1o hybrid (HRES) kh\u1eafc ph\u1ee5c \u0111\u01b0\u1ee3c nh\u1eefng nh\u01b0\u1ee3c \u0111i\u1ec3m c\u1ee7a h\u1ec7 th\u1ed1ng ch\u1ec9 s\u1eed d\u1ee5ng m\u1ed9t ngu\u1ed3n n\u0103ng l\u01b0\u1ee3ng t\u00e1i t\u1ea1o duy nh\u1ea5t. C\u00f4ng su\u1ea5t c\u1ee7a HRES [&hellip;]\" \/>\n<meta property=\"og:url\" content=\"https:\/\/dongcobiogas.com\/\" \/>\n<meta property=\"og:site_name\" content=\"\u0110\u1ed9ng c\u01a1 Biogas\" \/>\n<meta property=\"article:modified_time\" content=\"2024-10-19T07:08:55+00:00\" \/>\n<meta property=\"og:image\" content=\"https:\/\/dongcobiogas.com\/wp-content\/uploads\/2024\/09\/image-6-576x1024.png\" \/>\n<meta name=\"twitter:card\" content=\"summary_large_image\" \/>\n<meta name=\"twitter:label1\" content=\"Est. reading time\" \/>\n\t<meta name=\"twitter:data1\" content=\"3 minutes\" \/>\n<script type=\"application\/ld+json\" class=\"yoast-schema-graph\">{\"@context\":\"https:\/\/schema.org\",\"@graph\":[{\"@type\":\"WebPage\",\"@id\":\"https:\/\/dongcobiogas.com\/\",\"url\":\"https:\/\/dongcobiogas.com\/\",\"name\":\"BIOGAS ENGINE\",\"isPartOf\":{\"@id\":\"https:\/\/dongcobiogas.com\/#website\"},\"primaryImageOfPage\":{\"@id\":\"https:\/\/dongcobiogas.com\/#primaryimage\"},\"image\":{\"@id\":\"https:\/\/dongcobiogas.com\/#primaryimage\"},\"thumbnailUrl\":\"https:\/\/dongcobiogas.com\/wp-content\/uploads\/2024\/09\/image-6-576x1024.png\",\"datePublished\":\"2024-09-25T05:13:57+00:00\",\"dateModified\":\"2024-10-19T07:08:55+00:00\",\"breadcrumb\":{\"@id\":\"https:\/\/dongcobiogas.com\/#breadcrumb\"},\"inLanguage\":\"en-US\",\"potentialAction\":[{\"@type\":\"ReadAction\",\"target\":[\"https:\/\/dongcobiogas.com\/\"]}]},{\"@type\":\"ImageObject\",\"inLanguage\":\"en-US\",\"@id\":\"https:\/\/dongcobiogas.com\/#primaryimage\",\"url\":\"https:\/\/dongcobiogas.com\/wp-content\/uploads\/2024\/09\/image-6-576x1024.png\",\"contentUrl\":\"https:\/\/dongcobiogas.com\/wp-content\/uploads\/2024\/09\/image-6-576x1024.png\"},{\"@type\":\"BreadcrumbList\",\"@id\":\"https:\/\/dongcobiogas.com\/#breadcrumb\",\"itemListElement\":[{\"@type\":\"ListItem\",\"position\":1,\"name\":\"Home\",\"item\":\"https:\/\/dongcobiogas.com\/\"},{\"@type\":\"ListItem\",\"position\":2,\"name\":\"Home\"}]},{\"@type\":\"WebSite\",\"@id\":\"https:\/\/dongcobiogas.com\/#website\",\"url\":\"https:\/\/dongcobiogas.com\/\",\"name\":\"\u0110\u1ed9ng c\u01a1 Biogas\",\"description\":\"\",\"publisher\":{\"@id\":\"https:\/\/dongcobiogas.com\/#organization\"},\"potentialAction\":[{\"@type\":\"SearchAction\",\"target\":{\"@type\":\"EntryPoint\",\"urlTemplate\":\"https:\/\/dongcobiogas.com\/?s={search_term_string}\"},\"query-input\":{\"@type\":\"PropertyValueSpecification\",\"valueRequired\":true,\"valueName\":\"search_term_string\"}}],\"inLanguage\":\"en-US\"},{\"@type\":\"Organization\",\"@id\":\"https:\/\/dongcobiogas.com\/#organization\",\"name\":\"\u0110\u1ed9ng c\u01a1 Biogas\",\"url\":\"https:\/\/dongcobiogas.com\/\",\"logo\":{\"@type\":\"ImageObject\",\"inLanguage\":\"en-US\",\"@id\":\"https:\/\/dongcobiogas.com\/#\/schema\/logo\/image\/\",\"url\":\"https:\/\/dongcobiogas.com\/wp-content\/uploads\/2024\/09\/logo2.png\",\"contentUrl\":\"https:\/\/dongcobiogas.com\/wp-content\/uploads\/2024\/09\/logo2.png\",\"width\":294,\"height\":90,\"caption\":\"\u0110\u1ed9ng c\u01a1 Biogas\"},\"image\":{\"@id\":\"https:\/\/dongcobiogas.com\/#\/schema\/logo\/image\/\"}}]}<\/script>\n<!-- \/ Yoast SEO plugin. -->","yoast_head_json":{"title":"BIOGAS ENGINE","robots":{"index":"index","follow":"follow","max-snippet":"max-snippet:-1","max-image-preview":"max-image-preview:large","max-video-preview":"max-video-preview:-1"},"canonical":"https:\/\/dongcobiogas.com\/","og_locale":"en_US","og_type":"article","og_title":"BIOGAS ENGINE","og_description":"\u0110\u1ed9ng c\u01a1 s\u1eed d\u1ee5ng nhi\u00ean li\u1ec7u kh\u00ed linh ho\u1ea1t trong h\u1ec7 th\u1ed1ng n\u0103ng l\u01b0\u1ee3ng t\u00e1i t\u1ea1o hybrid biomass-solar GATEC \u0110\u1ea1i h\u1ecdc \u0110\u00e0 N\u1eb5ng H\u1ec7 th\u1ed1ng n\u0103ng l\u01b0\u1ee3ng t\u00e1i t\u1ea1o hybrid (HRES) kh\u1eafc ph\u1ee5c \u0111\u01b0\u1ee3c nh\u1eefng nh\u01b0\u1ee3c \u0111i\u1ec3m c\u1ee7a h\u1ec7 th\u1ed1ng ch\u1ec9 s\u1eed d\u1ee5ng m\u1ed9t ngu\u1ed3n n\u0103ng l\u01b0\u1ee3ng t\u00e1i t\u1ea1o duy nh\u1ea5t. C\u00f4ng su\u1ea5t c\u1ee7a HRES [&hellip;]","og_url":"https:\/\/dongcobiogas.com\/","og_site_name":"\u0110\u1ed9ng c\u01a1 Biogas","article_modified_time":"2024-10-19T07:08:55+00:00","og_image":[{"url":"https:\/\/dongcobiogas.com\/wp-content\/uploads\/2024\/09\/image-6-576x1024.png","type":"","width":"","height":""}],"twitter_card":"summary_large_image","twitter_misc":{"Est. reading time":"3 minutes"},"schema":{"@context":"https:\/\/schema.org","@graph":[{"@type":"WebPage","@id":"https:\/\/dongcobiogas.com\/","url":"https:\/\/dongcobiogas.com\/","name":"BIOGAS ENGINE","isPartOf":{"@id":"https:\/\/dongcobiogas.com\/#website"},"primaryImageOfPage":{"@id":"https:\/\/dongcobiogas.com\/#primaryimage"},"image":{"@id":"https:\/\/dongcobiogas.com\/#primaryimage"},"thumbnailUrl":"https:\/\/dongcobiogas.com\/wp-content\/uploads\/2024\/09\/image-6-576x1024.png","datePublished":"2024-09-25T05:13:57+00:00","dateModified":"2024-10-19T07:08:55+00:00","breadcrumb":{"@id":"https:\/\/dongcobiogas.com\/#breadcrumb"},"inLanguage":"en-US","potentialAction":[{"@type":"ReadAction","target":["https:\/\/dongcobiogas.com\/"]}]},{"@type":"ImageObject","inLanguage":"en-US","@id":"https:\/\/dongcobiogas.com\/#primaryimage","url":"https:\/\/dongcobiogas.com\/wp-content\/uploads\/2024\/09\/image-6-576x1024.png","contentUrl":"https:\/\/dongcobiogas.com\/wp-content\/uploads\/2024\/09\/image-6-576x1024.png"},{"@type":"BreadcrumbList","@id":"https:\/\/dongcobiogas.com\/#breadcrumb","itemListElement":[{"@type":"ListItem","position":1,"name":"Home","item":"https:\/\/dongcobiogas.com\/"},{"@type":"ListItem","position":2,"name":"Home"}]},{"@type":"WebSite","@id":"https:\/\/dongcobiogas.com\/#website","url":"https:\/\/dongcobiogas.com\/","name":"\u0110\u1ed9ng c\u01a1 Biogas","description":"","publisher":{"@id":"https:\/\/dongcobiogas.com\/#organization"},"potentialAction":[{"@type":"SearchAction","target":{"@type":"EntryPoint","urlTemplate":"https:\/\/dongcobiogas.com\/?s={search_term_string}"},"query-input":{"@type":"PropertyValueSpecification","valueRequired":true,"valueName":"search_term_string"}}],"inLanguage":"en-US"},{"@type":"Organization","@id":"https:\/\/dongcobiogas.com\/#organization","name":"\u0110\u1ed9ng c\u01a1 Biogas","url":"https:\/\/dongcobiogas.com\/","logo":{"@type":"ImageObject","inLanguage":"en-US","@id":"https:\/\/dongcobiogas.com\/#\/schema\/logo\/image\/","url":"https:\/\/dongcobiogas.com\/wp-content\/uploads\/2024\/09\/logo2.png","contentUrl":"https:\/\/dongcobiogas.com\/wp-content\/uploads\/2024\/09\/logo2.png","width":294,"height":90,"caption":"\u0110\u1ed9ng c\u01a1 Biogas"},"image":{"@id":"https:\/\/dongcobiogas.com\/#\/schema\/logo\/image\/"}}]}},"_links":{"self":[{"href":"https:\/\/dongcobiogas.com\/en\/wp-json\/wp\/v2\/pages\/3145","targetHints":{"allow":["GET"]}}],"collection":[{"href":"https:\/\/dongcobiogas.com\/en\/wp-json\/wp\/v2\/pages"}],"about":[{"href":"https:\/\/dongcobiogas.com\/en\/wp-json\/wp\/v2\/types\/page"}],"author":[{"embeddable":true,"href":"https:\/\/dongcobiogas.com\/en\/wp-json\/wp\/v2\/users\/1"}],"replies":[{"embeddable":true,"href":"https:\/\/dongcobiogas.com\/en\/wp-json\/wp\/v2\/comments?post=3145"}],"version-history":[{"count":5,"href":"https:\/\/dongcobiogas.com\/en\/wp-json\/wp\/v2\/pages\/3145\/revisions"}],"predecessor-version":[{"id":3300,"href":"https:\/\/dongcobiogas.com\/en\/wp-json\/wp\/v2\/pages\/3145\/revisions\/3300"}],"wp:attachment":[{"href":"https:\/\/dongcobiogas.com\/en\/wp-json\/wp\/v2\/media?parent=3145"}],"curies":[{"name":"wp","href":"https:\/\/api.w.org\/{rel}","templated":true}]}}